{"id":8,"date":"2020-02-09T16:03:48","date_gmt":"2020-02-09T16:03:48","guid":{"rendered":"https:\/\/profi-tutorials.de\/foto\/?page_id=8"},"modified":"2020-08-28T16:43:23","modified_gmt":"2020-08-28T16:43:23","slug":"foto-silo-page","status":"publish","type":"page","link":"https:\/\/profi-tutorials.de\/foto\/","title":{"rendered":"Foto Silo Page"},"content":{"rendered":"<h1 style=\"text-align: center;\"><strong>Foto \/ Video<\/strong> Tutorials f\u00fcr echte Profis<\/h1>\n<p style=\"text-align: center;\">Wir lieben Fotografie!<\/p>\n<p style=\"text-align: center;\">Aufgrund der Krise haben wir leider nicht ganz so viel Zeit und Mu\u00dfe diesen Bereich derzeit angemessen zu aktualisieren, da aktuell die Unternehmen sehr viel professionelle Unterst\u00fctzung von uns ben\u00f6tigen! Wir bitten diesbez\u00fcglich um Verst\u00e4ndnis!!!<\/p>\n<p>\u200b<\/p>\n<p><strong>Wie alles begann&#8230;.<\/strong><\/p>\n<p><strong>\u200b<\/strong><\/p>\n<p><strong>\u200b<\/strong><\/p>\n<p><strong>\u200b<\/strong><\/p>\n<p style=\"text-align: center;\">Die Foto \/ Video Tutorials lassen sich in 3 Haupt-Bereiche einteilen:<\/p>\n<h3 style=\"text-align: center;\">Grundlagen<\/h3>\n<p style=\"text-align: center;\">In diesem Bereich findest Du die wesentlichen Grundlagen zur Fotografie und zu Video. Es geht uns darum, dass Du einen einfachen Einstieg in das Thema bekommst.&nbsp;<\/p>\n<h3 style=\"text-align: center;\">Fortgeschritten<\/h3>\n<p style=\"text-align: center;\">In diesem Abschnitt findest Du alles, was Du als Fortgeschrittener f\u00fcr das t\u00e4gliche Fotoshooting oder die Videographie ben\u00f6tigst. Aber auch weiterf\u00fchrende Beitr\u00e4ge zu speziellen Themen, die z.B. Deine Fotos noch ein St\u00fcckchen besser machen.&nbsp;<\/p>\n<h3 style=\"text-align: center;\">Spezielles und mehr&#8230;<\/h3>\n<p style=\"text-align: center;\">In diesem Schwerpunkt geht es um besondere zus\u00e4tzliche Themen wie z.B. theoretische Grundlagen, spezielle Setups aber auch besonderes Equipment z.B. die Canon EOS 1DX Mark III und andere&#8230;<\/p>\n<h2 style=\"text-align: center;\"><strong>\u200b<\/strong><span style=\"font-size: 23px;\">Du fragst Dich vielleicht, warum &#8220;NOCH eine Webseite mit Tutorials&#8221;? <\/span><\/h2>\n<p style=\"text-align: center;\">Daf\u00fcr gibt es folgende Gr\u00fcnde:<\/p>\n<ul>\n<li><span>Wir lieben Foto und Video!<\/span><\/li>\n<li><span>Wir haben selber in den letzten Jahren in dem Umgang mit verschiedenen Kameras und Software-Systemen immer wieder f\u00fcr unsere Arbeit nach diversen Informationen, Tipps und Anleitungen gesucht.&nbsp;<\/span><\/li>\n<li><span>Leider haben wir in der F\u00fclle der Informationen nicht immer das Richtige gefunden, oder sie waren nicht f\u00fcr die Praxis geeignet.<\/span><\/li>\n<li><span>Wir wollen f\u00fcr uns selber ein schnelles, gutes Nachschlagewerk aufbauen und nutzen.&nbsp;<\/span><\/li>\n<\/ul>\n<p style=\"text-align: center;\">Unten findest Du unsere wichtigsten Artikel, die Dir dabei helfen die richtigen F\u00e4higkeiten zu erlernen und umzusetzen, um ein <strong>echter Foto-Profi&nbsp;<\/strong>zu werden und dann bessere Ergebnisse zu erzielen &#8211; es ist einfacher, als Du denkst!<\/p>\n<h2>Grundlagen<\/h2>\n<p>Die wichtigsten Grundlagen zur Fotografie kannst Du in unserer Tutorialreihe erlernen. Hier findest Du ausf\u00fchrliche Erkl\u00e4rungen und praktische Beispiele. Es geht uns darum, dass Du einen einfachen Einstieg in das Thema bekommst, damit Du Dich weiterentwickeln kannst.<\/p>\n<div class=\"tcb-post-list tve-content-list empty-list thrv_wrapper\" data-type=\"list\" data-pagination-type=\"none\" data-pages_near_current=\"2\" data-css=\"tve-u-16fc876f1dd\" data-total_post_count=\"0\" data-total_sticky_count=\"0\" data-no_posts_text=\"There are no posts to display.\"><article id=\"post-8\" class=\"post-8 page type-page status-publish hentry post-wrapper thrv_wrapper thrive-animated-item \" tcb_hover_state_parent=\"\" data-id=\"8\" data-selector=\".post-wrapper\"><style class=\"tcb-post-list-dynamic-style\" type=\"text\/css\">@media (min-width: 300px){[].tcb-post-list #post-8 []{background-image: linear-gradient(0deg, rgba(255, 255, 255, 0) 40%, rgba(0, 0, 0, 0.7) 100%), url(&#8220;https:\/\/profi-tutorials.de\/foto\/wp-content\/plugins\/thrive-visual-editor\/editor\/css\/images\/featured_image.png&#8220;) !important;}[].tcb-post-list #post-8 []{background-image: linear-gradient(0deg, rgba(255, 255, 255, 0) 40%, rgba(0, 0, 0, 0.7) 100%), url(&#8220;https:\/\/profi-tutorials.de\/foto\/wp-content\/plugins\/thrive-visual-editor\/editor\/css\/images\/featured_image.png&#8220;) !important;}[].tcb-post-list #post-8 []{background-image: linear-gradient(0deg, rgba(255, 255, 255, 0) 40%, rgba(0, 0, 0, 0.7) 100%), url(&#8220;https:\/\/profi-tutorials.de\/foto\/wp-content\/plugins\/thrive-visual-editor\/editor\/css\/images\/featured_image.png&#8220;) !important;}[].tcb-post-list #post-8 []{background-image: linear-gradient(0deg, rgba(255, 255, 255, 0) 40%, rgba(0, 0, 0, 0.7) 100%), url(&#8220;https:\/\/profi-tutorials.de\/foto\/wp-content\/plugins\/thrive-visual-editor\/editor\/css\/images\/featured_image.png&#8220;) !important;}}<\/style><a href=\"https:\/\/profi-tutorials.de\/foto\/\" dynamic-postlink=\"tcb_post_the_permalink\" data-shortcode-id=\"646\"><\/a><h2 class=\"tcb-post-title tcb-shortcode thrv_wrapper\" data-css=\"tve-u-16fc85f7b61\"><a href=\"https:\/\/profi-tutorials.de\/foto\/\" title=\"Foto Silo Page\" data-css=\"tve-u-16fc85f7b61\">Foto Silo Page<\/a><\/h2><a href=\"https:\/\/profi-tutorials.de\/foto\/\" style=\"\"><span style=\"\"><span style=\"\">Read More<\/span><\/span><\/a><\/article><\/div>\n<h2>Fortgeschritten<\/h2>\n<p>In diesem Abschnitt findest Du alles, wenn Du schon Fortgeschritten bist und weitere Details optimieren m\u00f6chtest. Aber hier findest Du auch weiterf\u00fchrende Beitr\u00e4ge zu speziellen Themen, die z.B. Deine Fotos noch ein St\u00fcckchen besser machen &#8211; Schritt f\u00fcr Schritt.<\/p>\n<div class=\"tcb-post-list tve-content-list empty-list thrv_wrapper\" data-type=\"list\" data-pagination-type=\"none\" data-pages_near_current=\"2\" data-css=\"tve-u-16fc8892275\" data-total_post_count=\"0\" data-total_sticky_count=\"0\" data-no_posts_text=\"There are no posts to display.\"><article id=\"post-8\" class=\"post-8 page type-page status-publish hentry post-wrapper thrv_wrapper thrive-animated-item \" tcb_hover_state_parent=\"\" data-id=\"8\" data-selector=\".post-wrapper\"><style class=\"tcb-post-list-dynamic-style\" type=\"text\/css\">@media (min-width: 300px){[].tcb-post-list #post-8 []{background-image: linear-gradient(0deg, rgba(255, 255, 255, 0) 40%, rgba(0, 0, 0, 0.7) 100%), url(&#8220;https:\/\/profi-tutorials.de\/foto\/wp-content\/plugins\/thrive-visual-editor\/editor\/css\/images\/featured_image.png&#8220;) !important;}[].tcb-post-list #post-8 []{background-image: linear-gradient(0deg, rgba(255, 255, 255, 0) 40%, rgba(0, 0, 0, 0.7) 100%), url(&#8220;https:\/\/profi-tutorials.de\/foto\/wp-content\/plugins\/thrive-visual-editor\/editor\/css\/images\/featured_image.png&#8220;) !important;}[].tcb-post-list #post-8 []{background-image: linear-gradient(0deg, rgba(255, 255, 255, 0) 40%, rgba(0, 0, 0, 0.7) 100%), url(&#8220;https:\/\/profi-tutorials.de\/foto\/wp-content\/plugins\/thrive-visual-editor\/editor\/css\/images\/featured_image.png&#8220;) !important;}[].tcb-post-list #post-8 []{background-image: linear-gradient(0deg, rgba(255, 255, 255, 0) 40%, rgba(0, 0, 0, 0.7) 100%), url(&#8220;https:\/\/profi-tutorials.de\/foto\/wp-content\/plugins\/thrive-visual-editor\/editor\/css\/images\/featured_image.png&#8220;) !important;}}<\/style><a href=\"https:\/\/profi-tutorials.de\/foto\/\" dynamic-postlink=\"tcb_post_the_permalink\" data-shortcode-id=\"540\"><\/a><h2 class=\"tcb-post-title tcb-shortcode thrv_wrapper\" data-css=\"tve-u-16fc85f7b61\"><a href=\"https:\/\/profi-tutorials.de\/foto\/\" title=\"Foto Silo Page\" data-css=\"tve-u-16fc85f7b61\">Foto Silo Page<\/a><\/h2><a href=\"https:\/\/profi-tutorials.de\/foto\/\" style=\"\"><span style=\"\"><span style=\"\">Read More<\/span><\/span><\/a><\/article><\/div>\n<h2>Theorie<\/h2>\n<p>Hier werden wir eine Sammlung verschiedener Beitr\u00e4ge aufbauen, die auch die theoretischen Grundlagen f\u00fcr Foto und Video anschaulich und auf einfache, klare Weise erl\u00e4utern. &nbsp;<\/p>\n<div class=\"tcb-post-list tve-content-list empty-list thrv_wrapper\" data-type=\"list\" data-pagination-type=\"none\" data-pages_near_current=\"2\" data-css=\"tve-u-16fc88932bb\" data-total_post_count=\"0\" data-total_sticky_count=\"0\" data-no_posts_text=\"There are no posts to display.\"><article id=\"post-8\" class=\"post-8 page type-page status-publish hentry post-wrapper thrv_wrapper thrive-animated-item \" tcb_hover_state_parent=\"\" data-id=\"8\" data-selector=\".post-wrapper\"><style class=\"tcb-post-list-dynamic-style\" type=\"text\/css\">@media (min-width: 300px){[].tcb-post-list #post-8 []{background-image: linear-gradient(0deg, rgba(255, 255, 255, 0) 40%, rgba(0, 0, 0, 0.7) 100%), url(&#8220;https:\/\/profi-tutorials.de\/foto\/wp-content\/plugins\/thrive-visual-editor\/editor\/css\/images\/featured_image.png&#8220;) !important;}[].tcb-post-list #post-8 []{background-image: linear-gradient(0deg, rgba(255, 255, 255, 0) 40%, rgba(0, 0, 0, 0.7) 100%), url(&#8220;https:\/\/profi-tutorials.de\/foto\/wp-content\/plugins\/thrive-visual-editor\/editor\/css\/images\/featured_image.png&#8220;) !important;}[].tcb-post-list #post-8 []{background-image: linear-gradient(0deg, rgba(255, 255, 255, 0) 40%, rgba(0, 0, 0, 0.7) 100%), url(&#8220;https:\/\/profi-tutorials.de\/foto\/wp-content\/plugins\/thrive-visual-editor\/editor\/css\/images\/featured_image.png&#8220;) !important;}[].tcb-post-list #post-8 []{background-image: linear-gradient(0deg, rgba(255, 255, 255, 0) 40%, rgba(0, 0, 0, 0.7) 100%), url(&#8220;https:\/\/profi-tutorials.de\/foto\/wp-content\/plugins\/thrive-visual-editor\/editor\/css\/images\/featured_image.png&#8220;) !important;}}<\/style><a href=\"https:\/\/profi-tutorials.de\/foto\/\" dynamic-postlink=\"tcb_post_the_permalink\" data-shortcode-id=\"1694\"><\/a><h2 class=\"tcb-post-title tcb-shortcode thrv_wrapper\" data-css=\"tve-u-16fc85f7b61\"><a href=\"https:\/\/profi-tutorials.de\/foto\/\" title=\"Foto Silo Page\" data-css=\"tve-u-16fc85f7b61\">Foto Silo Page<\/a><\/h2><a href=\"https:\/\/profi-tutorials.de\/foto\/\" style=\"\"><span style=\"\"><span style=\"\">Read More<\/span><\/span><\/a><\/article><\/div>\n<h2>Spezielles und mehr&#8230;<\/h2>\n<p>In diesem Schwerpunkt geht es um spezielle und &nbsp;zus\u00e4tzliche Themen wie z.B. vertiefte theoretische Grundlagen, spezielle Setups aber auch besonderes Equipment z.B. die Top-Kamera Canon EOS 1DX Mark III.<\/p>\n<div class=\"tcb-post-list tve-content-list thrv_wrapper\" data-type=\"list\" data-pagination-type=\"none\" data-pages_near_current=\"2\" data-css=\"tve-u-16fc8894bda\" data-total_post_count=\"1\" data-total_sticky_count=\"0\" data-no_posts_text=\"There are no posts to display.\"><article id=\"post-92\" class=\"post-92 post type-post status-publish format-standard hentry category-kamera post-wrapper thrv_wrapper thrive-animated-item \" tcb_hover_state_parent=\"\" data-id=\"92\" data-selector=\".post-wrapper\"><style class=\"tcb-post-list-dynamic-style\" type=\"text\/css\">@media (min-width: 300px){[].tcb-post-list #post-92 []{background-image: linear-gradient(0deg, rgba(255, 255, 255, 0) 40%, rgba(0, 0, 0, 0.7) 100%), url(&#8220;https:\/\/profi-tutorials.de\/foto\/wp-content\/plugins\/thrive-visual-editor\/editor\/css\/images\/featured_image.png&#8220;) !important;}[].tcb-post-list #post-92 []{background-image: linear-gradient(0deg, rgba(255, 255, 255, 0) 40%, rgba(0, 0, 0, 0.7) 100%), url(&#8220;https:\/\/profi-tutorials.de\/foto\/wp-content\/plugins\/thrive-visual-editor\/editor\/css\/images\/featured_image.png&#8220;) !important;}[].tcb-post-list #post-92 []{background-image: linear-gradient(0deg, rgba(255, 255, 255, 0) 40%, rgba(0, 0, 0, 0.7) 100%), url(&#8220;https:\/\/profi-tutorials.de\/foto\/wp-content\/plugins\/thrive-visual-editor\/editor\/css\/images\/featured_image.png&#8220;) !important;}[].tcb-post-list #post-92 []{background-image: linear-gradient(0deg, rgba(255, 255, 255, 0) 40%, rgba(0, 0, 0, 0.7) 100%), url(&#8220;https:\/\/profi-tutorials.de\/foto\/wp-content\/plugins\/thrive-visual-editor\/editor\/css\/images\/featured_image.png&#8220;) !important;}}<\/style><a href=\"https:\/\/profi-tutorials.de\/foto\/kamera\/test-canon-eos-1-dx-mark-iii\/\" dynamic-postlink=\"tcb_post_the_permalink\" data-shortcode-id=\"92\"><\/a><h2 class=\"tcb-post-title tcb-shortcode thrv_wrapper\" data-css=\"tve-u-16fc85f7b61\"><a href=\"https:\/\/profi-tutorials.de\/foto\/kamera\/test-canon-eos-1-dx-mark-iii\/\" title=\"Test Canon EOS 1-DX Mark III\" data-css=\"tve-u-16fc85f7b61\">Test Canon EOS 1-DX Mark III<\/a><\/h2><a href=\"https:\/\/profi-tutorials.de\/foto\/kamera\/test-canon-eos-1-dx-mark-iii\/\" style=\"\"><span style=\"\"><span style=\"\">Read More<\/span><\/span><\/a><\/article><\/div>\n<h2>\u200b\u200bNeueste Artikel<\/h2>\n<div class=\"tcb-post-list tve-content-list thrv_wrapper\" data-type=\"grid\" data-pagination-type=\"none\" data-pages_near_current=\"2\" data-css=\"tve-u-16fc87f1dc6\" data-no_posts_text=\"There are no posts to display.\" data-total_post_count=\"1\" data-total_sticky_count=\"0\"><article id=\"post-92\" class=\"post-92 post type-post status-publish format-standard hentry category-kamera post-wrapper thrv_wrapper thrive-animated-item \" data-id=\"92\" data-selector=\".post-wrapper\"><style class=\"tcb-post-list-dynamic-style\" type=\"text\/css\">@media (min-width: 300px){[].tcb-post-list #post-92 []{background-image: linear-gradient(0deg, rgba(255, 255, 255, 0) 40%, rgba(0, 0, 0, 0.7) 100%), url(&#8220;https:\/\/profi-tutorials.de\/foto\/wp-content\/plugins\/thrive-visual-editor\/editor\/css\/images\/featured_image.png&#8220;) !important;}[].tcb-post-list #post-92 []{background-image: linear-gradient(0deg, rgba(255, 255, 255, 0) 40%, rgba(0, 0, 0, 0.7) 100%), url(&#8220;https:\/\/profi-tutorials.de\/foto\/wp-content\/plugins\/thrive-visual-editor\/editor\/css\/images\/featured_image.png&#8220;) !important;}[].tcb-post-list #post-92 []{background-image: linear-gradient(0deg, rgba(255, 255, 255, 0) 40%, rgba(0, 0, 0, 0.7) 100%), url(&#8220;https:\/\/profi-tutorials.de\/foto\/wp-content\/plugins\/thrive-visual-editor\/editor\/css\/images\/featured_image.png&#8220;) !important;}[].tcb-post-list #post-92 []{background-image: linear-gradient(0deg, rgba(255, 255, 255, 0) 40%, rgba(0, 0, 0, 0.7) 100%), url(&#8220;https:\/\/profi-tutorials.de\/foto\/wp-content\/plugins\/thrive-visual-editor\/editor\/css\/images\/featured_image.png&#8220;) !important;}}<\/style><a class=\"tcb-post-thumbnail tcb-shortcode thrv_wrapper\" href=\"https:\/\/profi-tutorials.de\/foto\/kamera\/test-canon-eos-1-dx-mark-iii\/\" title=\"Test Canon EOS 1-DX Mark III\" data-css=\"tve-u-16fc87fd5cf\"><img decoding=\"async\" src=\"https:\/\/profi-tutorials.de\/foto\/wp-content\/plugins\/thrive-visual-editor\/editor\/css\/images\/featured_image.png\" loading=\"lazy\"><\/img><\/a><h2 class=\"tcb-post-title tcb-shortcode thrv_wrapper\" data-css=\"tve-u-16fc8802e78\"><a href=\"https:\/\/profi-tutorials.de\/foto\/kamera\/test-canon-eos-1-dx-mark-iii\/\" title=\"Test Canon EOS 1-DX Mark III\" data-css=\"tve-u-16fc8802e78\">Test Canon EOS 1-DX Mark III<\/a><\/h2><a href=\"https:\/\/profi-tutorials.de\/foto\/kamera\/test-canon-eos-1-dx-mark-iii\/\" style=\"\"><span><span style=\"\">\u200bRead More<\/span><\/span><\/a><\/article><\/div>\n<h2 style=\"text-align: center;\">Grundlagenkurs: <strong>Foto f\u00fcr Einsteiger<\/strong><\/h2>\n<p style=\"text-align: center;\">Aufgrund hoher Nachfrage haben wir einen Kurs entwickelt, der Anf\u00e4ngern die Grundlagen zur Fotografie n\u00e4her bringt.<\/p>\n<p><span><img loading=\"lazy\" decoding=\"async\" alt=\"G\u00fcnther Hellberg\" data-id=\"1411\" title=\"G\u00fcnther Hellberg\" src=\"https:\/\/profi-tutorials.de\/foto\/wp-content\/uploads\/sites\/5\/2020\/02\/Hellberg-001-200x300-1.jpg\" style=\"\" width=\"200\" height=\"300\"><\/span><\/p>\n<h2 style=\"text-align: center;\">&#8220;Fotos und Videos zeigen die Welt!&#8221;<\/h2>\n<p>Wie bereits oben erw\u00e4hnt, ist f\u00fcr uns die wichtigste Voraussetzung:<\/p>\n<p style=\"text-align: center;\">Wir lieben Foto und Video!<\/p>\n<p>Ich m\u00f6chte hier ein ganz klein wenig ausholen, um zu verdeutlichen warum?<\/p>\n<h3>Es begann mit &#8230;.<\/h3>\n<p>Alles startete mit einer Canon AE1 Programm Spiegelreflexkamera, die ich von meinem Vater bekommen habe &#8211; damals nat\u00fcrlich noch eine analoge Kamera.&nbsp;<\/p>\n<p>Das war ein total cooler Start in die Fotografie nach einer einfachen Kamera &#8211; alle Einstellungen konnten auch manuell angepasst werden. Das waren die ersten Schritte, die ich in Richtung Fotos gemacht habe. Allerdings war es damals auch noch sehr teuer und vor allen Dingen sehr zeitaufwendig zu lernen.&nbsp;<\/p>\n<h3>Wieso war das so?<\/h3>\n<p>Na ja, nach dem Fotografieren (wenn dann ein ganzer Film &#8211; mit typischerweise 24 oder 36 Bildern &#8211; voll war &#8230;) musste dann der Film erst einmal zur Entwicklung gebracht werden oder man hat ihn selbst entwickelt, wenn man Zugang zu einem Entwicklungslabor hatte und die Kenntnisse und die Zeit einen Film selber zu entwickeln. Da kamen dann entweder Papierabz\u00fcge oder Dias heraus &#8211; immer wieder spannend!<\/p>\n<p>Das was jedoch den gr\u00f6\u00dften Unterschied zu der heutigen Zeit ausmachte, war der sehr gro\u00dfe zeitliche Abstand zwischen dem Zeitpunkt der Aufnahme und letztlich dem Betrachten des Fotoabzuges oder Dias. Im besten Fall waren es einige Tage oder zumindestens ein paar Stunden.&nbsp;<\/p>\n<p>Hier wird das Haupt-Problem deutlich &#8211; man musste sich also im Endeffekt alle Zahlen, Daten und Fakten zu dem Foto (Blende, Zeit, ISO etc&#8230;.) und dem Umfeld (Datum, Zeit, Ort, Umfeld etc&#8230;) aufschreiben, um das dann nachher mit dem Fotoabzug auf Papier zu vergleichen.&nbsp;<\/p>\n<p>Erst auf diese Weise konnte man dann konkret die Zusammenh\u00e4nge besser in der Wirkung verstehen, z.B. was eine lange oder eine kurze Verschlu\u00dfzeit konkret bewirken kann.<\/p>\n<h3>Wie ist es heute?<\/h3>\n<p>Das ist heute super super viel einfacher und schneller, da wir heute ja sogar bei den meisten Kameras oder Smartphones sofort nach dem Erstellen eines Fotos das Ergebnis betrachten k\u00f6nnen!&nbsp;<\/p>\n<p>Aber nicht nur das, sondern wir haben noch zus\u00e4tzlich die M\u00f6glichkeit, genau zu sehen, unter welchen Einstellungen das Foto aufgenommen wurde (Blende, Verschlu\u00df, GPS-Koordinaten etc.). Auf diese Art und Weise ist es viel viel einfacher geworden, die Zusammenh\u00e4nge und die Auswirkungen zu verstehen und im wahrsten Sinne des Wortes zu &#8220;SEHEN&#8221;! &#8211; ein riesiger Vorteil!!!&nbsp;<\/p>\n<p>Ich werde in den Beitr\u00e4gen, Tutorials und Online-Kursen immer einmal wieder darauf zur\u00fcckkommen.&nbsp;<\/p>\n<h3>Die weitere Entwicklung<\/h3>\n<p>Die Entwicklung von der analogen Fotografie zur digitalen zog sich \u00fcber zig Jahre hinweg und anfangs waren die digitalen Kameras mit den &#8220;schwachen&#8221; Sensoren auch haushoch unterlegen. Aber der technische Fortschritt ging immer weiter und sowohl die Aufl\u00f6sung der digitalen Bilder als auch die Qualit\u00e4t der Sensoren wurde immer besser.<\/p>\n<h3>Der Profi: CANON EOS-1D X Mark III<\/h3>\n<p>Ganz brandaktuell ist jetzt gerade vor ein paar Tagen im Februar 2020 das neue Flagschiff von Canon &#8211; die EOS-1D X Mark III herausgekommen, die ich hier auch ausf\u00fchrlich vorstellen m\u00f6chte, um den aktuellen Topstand der M\u00f6glichkeiten der Fotografie zu demonstrieren!<\/p>\n<p><span><img loading=\"lazy\" decoding=\"async\" alt=\"CANON-EOS-1DX-MarkIII\" data-id=\"72\" width=\"1024\" height=\"1078\" title=\"CANON-EOS-1DX-MarkIII\" src=\"https:\/\/profi-tutorials.de\/foto\/wp-content\/uploads\/sites\/5\/2020\/02\/CANON-EOS-1DX-MarkIII.png\" style=\"\"><\/span><\/p>\n<p>Hier ein paar Eigenschaften der:<\/p>\n<h3>Canon EOS-1D X Mark III<\/h3>\n<p>\u2022 16 Bilder pro Sekunde (mit optischem Sucher), bis zu 20 Bilder pro Sekunde (im Live View Modus)<\/p>\n<p>\u2022 Maximale ISO-Empfindlichkeit von 819.200<\/p>\n<p>\u2022 20,1 Megapixel-Sensor<\/p>\n<p>\u2022 DIGIC X Prozessor<\/p>\n<p>\u2022 Neues AF-System und Deep Learning AF<\/p>\n<p>\u2022 Interne Videoaufzeichnung mit 5,5K und 12 Bit im RAW-Format<\/p>\n<p>\u2022 Neuer Smart Controller zur effizienteren Auswahl von AF-Punkten<\/p>\n<p>\u2022 Verbesserte Akkulaufzeit mit bis zu 2850 Aufnahmen pro Ladung<\/p>\n<p>Die EOS 1 DX Mark III zeichnet sich durch eine unglaubliche Geschwindigkeit bei Reihenaufnahmen aus: bis zu 16 Bilder pro Sekunde (mit optischem Sucher) und bis zu 20 Bilder pro Sekunde (im Live View Modus) mit voller AF\/AE-Nachf\u00fchrung. Ebenfalls beeindruckend ist die maximale ISO-Empfindlichkeit von 819.200. Die Kamera ist mit einem neuen AF-Sensor ausgestattet, der in der Sensormitte eine 28-fach h\u00f6here Aufl\u00f6sung gegen\u00fcber dem Vorg\u00e4ngermodell (EOS-1D X Mark II) bietet. Dar\u00fcber hinaus erm\u00f6glicht die Kamera eine interne Videoaufzeichnung mit 5,5K und 12 Bit im RAW-Format. Diese Funktion war bislang nur in den professionellen Cinema EOS Modellen verf\u00fcgbar.<\/p>\n<p>Ich m\u00f6chte in den folgenden Beitr\u00e4gen St\u00fcck f\u00fcr St\u00fcck aufzeigen, was mit so einer Kamera m\u00f6glich ist &#8211; und was nicht!<\/p>\n<h3>Hier schon einmal das Canon &#8220;Demo-Video&#8221; was mit der Kamera EOS-1D X Mark III so geht<\/h3>\n<p>\u200b<\/p>\n<p>Das ist doch echt der &#8220;Hammer&#8221; &#8211; oder?<\/p>\n<p>Ich freue mich auf Eure Anregungen und Kommentare \ud83d\ude42 und werde hier best\u00e4ndig weitermachen&#8230;<\/p>\n<p>Aufgrund der Krise haben wir leider nicht ganz so viel Zeit und Mu\u00dfe diesen Bereich st\u00e4ndig zu aktualisieren, da derzeit die Unternehmen sehr viel professionelle Unterst\u00fctzung von uns ben\u00f6tigen! Wir bitten diesbez\u00fcglich um Verst\u00e4ndnis!!!<\/p>\n<p>\u200b<\/p>\n<p>Am Ende ist mir noch wichtig zu erw\u00e4hnen:<\/p>\n<p>Wir legen sehr viel Wert auf Einfachheit, Klarheit, Pr\u00e4zision und eine gute Struktur. Alles das basiert auf wissenschaftlichen Erkenntnissen der letzten 5- 10 Jahre, unserem Wissen und unserer Erfahrung aus zahlreichen Kundenprojekten. Damit Du Dich ganz auf die Inhalte und das Lernen konzentrieren kannst, halten wir die Seite m\u00f6glichst einfach, \u00fcbersichtlich und frei von Ablenkungen.&nbsp;<\/p>\n<h2 style=\"text-align: center;\">\u200bNewsletter abonnieren &amp; nichts mehr verpassen!<\/h2>\n<p style=\"text-align: center;\">\u200bSie m\u00f6chten \u00fcber neue Tutorials und Online-Kurse informiert werden? Dann registrieren Sie sich unten! Sie erhalten E-Mail Benachrichtigungen, w\u200bann immer wir neue Inhalte ver\u00f6ffentlichen und erhalten au\u00dferdem Zugang zu exklusiven Insider-Only Beitr\u00e4gen!<\/p>\n","protected":false},"excerpt":{"rendered":"<p>Foto \/ Video Tutorials f\u00fcr echte Profis Wir lieben Fotografie! Aufgrund der Krise haben wir leider nicht ganz so viel Zeit und Mu\u00dfe diesen Bereich derzeit angemessen zu aktualisieren, da aktuell die Unternehmen sehr viel professionelle Unterst\u00fctzung von uns ben\u00f6tigen! Wir bitten diesbez\u00fcglich um Verst\u00e4ndnis!!! \u200b Wie alles begann&#8230;. \u200b \u200b \u200b Die Foto \/ [&hellip;]<\/p>\n","protected":false},"author":2,"featured_media":0,"parent":0,"menu_order":0,"comment_status":"closed","ping_status":"closed","template":"","meta":{"_seopress_robots_primary_cat":"","_seopress_titles_title":"","_seopress_titles_desc":"Hier findest Du Tutorials, Howtos und Online-Kurse zu Foto \/ Video. Alles ist einfach, strukturiert und anschaulich dargestellt. Abonniere Profi-Tutorials.de!!!","_seopress_robots_index":"","_seopress_analysis_target_kw":"Foto,Video,Tutorial,Howto,Online-Kurse,Grundlagen","footnotes":""},"class_list":["post-8","page","type-page","status-publish","hentry","post-wrapper","thrv_wrapper","thrive-animated-item"],"_links":{"self":[{"href":"https:\/\/profi-tutorials.de\/foto\/wp-json\/wp\/v2\/pages\/8","targetHints":{"allow":["GET"]}}],"collection":[{"href":"https:\/\/profi-tutorials.de\/foto\/wp-json\/wp\/v2\/pages"}],"about":[{"href":"https:\/\/profi-tutorials.de\/foto\/wp-json\/wp\/v2\/types\/page"}],"author":[{"embeddable":true,"href":"https:\/\/profi-tutorials.de\/foto\/wp-json\/wp\/v2\/users\/2"}],"replies":[{"embeddable":true,"href":"https:\/\/profi-tutorials.de\/foto\/wp-json\/wp\/v2\/comments?post=8"}],"version-history":[{"count":43,"href":"https:\/\/profi-tutorials.de\/foto\/wp-json\/wp\/v2\/pages\/8\/revisions"}],"predecessor-version":[{"id":138,"href":"https:\/\/profi-tutorials.de\/foto\/wp-json\/wp\/v2\/pages\/8\/revisions\/138"}],"wp:attachment":[{"href":"https:\/\/profi-tutorials.de\/foto\/wp-json\/wp\/v2\/media?parent=8"}],"curies":[{"name":"wp","href":"https:\/\/api.w.org\/{rel}","templated":true}]}}