{"id":548,"date":"2020-02-25T15:38:25","date_gmt":"2020-02-25T15:38:25","guid":{"rendered":"https:\/\/profi-tutorials.de\/e-business\/?page_id=548"},"modified":"2026-01-05T11:16:10","modified_gmt":"2026-01-05T11:16:10","slug":"converttools","status":"publish","type":"page","link":"https:\/\/profi-tutorials.de\/e-business\/converttools\/","title":{"rendered":"ConvertTools"},"content":{"rendered":"<p><span style=\"width: 100%;\"><a href=\"https:\/\/profi-tutorials.de\/\"><img loading=\"lazy\" decoding=\"async\" alt=\"\" title=\"\" data-id=\"462\" src=\"https:\/\/profi-tutorials.de\/e-business\/wp-content\/uploads\/sites\/6\/2020\/02\/20200222-hedv-logo-white-jb-v001.png\" style=\"\" width=\"4096\" height=\"666\"\/><\/a><\/span><\/p>\n<h1 style=\"text-align: left;\">ConvertTools &ndash; Die smarten Online Marketing Tools<\/h1>\n<h2 style=\"text-align: left;\">Hochwertige Software-L&ouml;sungen die Dein Unternehmen auf das n&auml;chste Level bringen!<\/h2>\n<p><span><img loading=\"lazy\" decoding=\"async\" alt=\"\" title=\"dots\" data-id=\"7534\" src=\"\/\/profi-tutorials.de\/e-business\/wp-content\/uploads\/sites\/6\/tcb_lp_templates\/templates\/css\/images\/dots.png\" width=\"45\" height=\"14\"\/><\/span><span><img loading=\"lazy\" decoding=\"async\" alt=\"\" title=\"mobile_details\" data-id=\"7547\" src=\"\/\/profi-tutorials.de\/e-business\/wp-content\/uploads\/sites\/6\/tcb_lp_templates\/templates\/css\/images\/mobile_details.png\" width=\"58\" height=\"11\"\/><\/span><\/p>\n<p style=\"text-align: center;\"><strong><span style=\"font-family: Rubik; font-weight: 400;\">&Uuml;ber ConvertTools<\/span><\/strong><\/p>\n<h2 style=\"text-align: center;\"><strong>Was ist ConvertTools?<\/strong><\/h2>\n<h3 style=\"text-align: center;\"><strong>ConvertTools<\/strong> von Sven Hansen und Tommy Seewald ist <strong>DAS<\/strong> Unternehmen f&uuml;r Software-L&ouml;sungen im Bereich <strong>Online-Marketing<\/strong>!<\/h3>\n<p style=\"text-align: center;\"><strong><span style=\"font-family: Rubik; font-weight: 400;\">Produkte<\/span><\/strong><\/p>\n<h2 style=\"text-align: center;\"><strong>Die besten Tools f&uuml;r Dein Online-Marketing<\/strong><\/h2>\n<p style=\"text-align: center;\">Neben ihrer ersten bekannten Software,&nbsp;<strong>ConvertLink<\/strong>, haben die Gr&uuml;nder Sven Hansen und Tommy Seewald bereits eine Vielzahl <strong>innovativer <\/strong>Software-L&ouml;sungen entwickelt, die Dein Unternehmen online auf das n&auml;chste Level heben. Au&szlig;erdem werden nicht nur bestehende L&ouml;sungen immer weiter <strong>verbessert<\/strong>, sondern auch neue, &auml;u&szlig;erst <strong>hochwertige <\/strong>Ideen, entwickelt und ver&ouml;ffentlicht!<\/p>\n<p style=\"text-align: center;\">Unten findest Du eine &Uuml;bersicht aller von <strong>ConvertTools<\/strong> bisher ver&ouml;ffentlichten <strong>Produkte<\/strong>:<\/p>\n<p><span><img loading=\"lazy\" decoding=\"async\" alt=\"convertlink-logo\" data-id=\"562\" width=\"300\" height=\"71\" title=\"convertlink-logo\" src=\"https:\/\/profi-tutorials.de\/e-business\/wp-content\/uploads\/sites\/6\/2020\/02\/convertlink-300x71.png\" style=\"\"\/><\/span><\/p>\n<p style=\"text-align: center;\">Mit dem intelligenten <strong>Link-K&uuml;rzer<\/strong><strong>ConvertLink <\/strong>steigerst du Deine Reichweite und Deinen Gewinn signifikant &ndash; um bis zu <strong>237%<\/strong>!<\/p>\n<p><span><img loading=\"lazy\" decoding=\"async\" alt=\"convertapp-logo\" data-id=\"560\" width=\"300\" height=\"71\" title=\"convertapp-logo\" src=\"https:\/\/profi-tutorials.de\/e-business\/wp-content\/uploads\/sites\/6\/2020\/02\/convertapp-300x71.png\" style=\"\"\/><\/span><\/p>\n<p style=\"text-align: center;\">Konvertiere Deine Webseiten mit <strong>ConvertApp<\/strong> in nur <strong>5 Minuten<\/strong> in Deine <strong>eigene<\/strong><strong> App<\/strong> um und lade sie direkt im AppStore hoch!<\/p>\n<p><span><img loading=\"lazy\" decoding=\"async\" alt=\"converttab-logo\" data-id=\"563\" width=\"300\" height=\"76\" title=\"converttab-logo\" src=\"https:\/\/profi-tutorials.de\/e-business\/wp-content\/uploads\/sites\/6\/2020\/02\/converttab-300x76.png\" style=\"\"\/><\/span><\/p>\n<p style=\"text-align: center;\">Mit <strong>ConvertTab<\/strong> holst du verloren gegangene Besucher wieder zur&uuml;ck auf Deine Webseiten! Bringe <strong>Menschen<\/strong> zur&uuml;ck <strong>auf Deine Seite<\/strong>!<\/p>\n<p><span><img loading=\"lazy\" decoding=\"async\" alt=\"convertbanner-logo\" data-id=\"561\" width=\"300\" height=\"54\" title=\"convertbanner-logo\" src=\"https:\/\/profi-tutorials.de\/e-business\/wp-content\/uploads\/sites\/6\/2020\/02\/convertbanner-300x54.png\" style=\"\"\/><\/span><\/p>\n<p style=\"text-align: center;\">Erstelle mit <strong>ConvertBanner <\/strong>verknappungs Banner f&uuml;r alle Deine Webseiten und generiere mehr<strong> Verk&auml;ufe<\/strong> und <strong>Leads<\/strong> als je zuvor!<\/p>\n<p><span><img loading=\"lazy\" decoding=\"async\" alt=\"convertviral-logo\" data-id=\"568\" width=\"300\" height=\"65\" title=\"convertviral-logo\" src=\"https:\/\/profi-tutorials.de\/e-business\/wp-content\/uploads\/sites\/6\/2020\/02\/convertviral-logo-300x65.png\" style=\"\"\/><\/span><\/p>\n<p style=\"text-align: center;\">Das Tool <strong>ConvertViral<\/strong> erm&ouml;glicht Dir die <strong>virale <\/strong>Verbreitung von Beitr&auml;gen, Videos und Produkten &uuml;ber soziale Netzwerke.<\/p>\n<p style=\"text-align: center;\">Alles <strong>ohne Werbung<\/strong>!<\/p>\n<p><span><img loading=\"lazy\" decoding=\"async\" alt=\"convertvideo-logo\" data-id=\"564\" width=\"300\" height=\"59\" title=\"convertvideo-logo\" src=\"https:\/\/profi-tutorials.de\/e-business\/wp-content\/uploads\/sites\/6\/2020\/02\/convertvideo-300x59.png\" style=\"\"\/><\/span><\/p>\n<p style=\"text-align: center;\">Mit <strong>ConvertVideo <\/strong>machst Du aus langweiligen Videos, <strong>wundersch&ouml;ne <\/strong>Videos, die dir eine <strong>gr&ouml;&szlig;ere Reichweite<\/strong> in sozialen Netzwerken verschaffen!<\/p>\n<p><span><img loading=\"lazy\" decoding=\"async\" alt=\"convertchat-logo\" data-id=\"569\" width=\"300\" height=\"65\" title=\"convertchat-logo\" src=\"https:\/\/profi-tutorials.de\/e-business\/wp-content\/uploads\/sites\/6\/2020\/02\/convertchat-logo-300x65.png\" style=\"\"\/><\/span><\/p>\n<p style=\"text-align: center;\"><strong>Die neueste Entwicklung von ConvertTools:<\/strong><\/p>\n<p style=\"text-align: center;\">Mit <strong>ConvertChat<\/strong> erstellst Du innerhalb von k&uuml;rzester Zeit Deine eigenen Chatbots, mit denen Du bis zu <strong>48% mehr Leads<\/strong>, <strong>Conversions<\/strong> und&nbsp;<strong>Umsatz<\/strong> erzielst! Automatisiere Deine Prozesse, Online-Seminar-Anmeldungen und Terminvereinbarungen im Chat, verringere Deinen Supportaufwand und noch viel mehr!<\/p>\n<h2 style=\"text-align: center; color: rgb(71, 74, 89) !important; --tcb-applied-color:rgb(71, 74, 89)  !important;\"><strong>Die Tools im &Uuml;berblick<\/strong><\/h2>\n<p style=\"text-align: center;\">Im Folgenden wollen wir die ConvertTools noch einmal genauer unter die Lupe nehmen!<\/p>\n<h3 style=\"text-align: left;\">ConvertChat<\/h3>\n<p>ConvertChat hilft Dir dabei, Chatbots zu erstellen, die kontinuierlich &ndash; Tag und Nacht 24\/7 &ndash; massig neue Leads f&uuml;r Dich generieren. Kunden haben mit ConvertChat bereits bis zu 48% mehr Leads und Umsatz erzielt!<\/p>\n\n<p>Mit ConvertChat automatisierst Du verschiedenste Prozesse wie beispielsweise Online-Seminar-Anmeldungen, Telefontermine, Bewerbungen und Terminvereinbarungen. Die dazugeh&ouml;rigen Chatbots erstellst Du ganz einfach und ohne jegliche Programmierkenntnisse mithilfe eines innovativen Drag&amp;Drop Editors!<\/p>\n\n<p>ConvertChat ist mit allen g&auml;ngigen Webseiten kompatibel: Dazu geh&ouml;ren beispielsweise ClickFunnels, ThriveThemes, WooCommerce, Magento, WordPress, sowie grunds&auml;tzlich alle <a class=\"glossaryLink cmtt_Informatik\" aria-describedby=\"tt\" data-cmtooltip=\"&lt;div class=glossaryItemTitle&gt;HTML&lt;\/div&gt;&lt;div class=glossaryItemBody&gt;HTML steht f&uuml;r Hypertext Markup Language und ist die standardisierte Auszeichnungssprache f&uuml;r die Strukturierung elektronischer Dokumente,(...)&lt;\/div&gt;\" href=\"https:\/\/profi-tutorials.de\/e-business\/glossar\/html\/\" target=\"_blank\" data-mobile-support=\"0\" data-gt-translate-attributes='[{\"attribute\":\"data-cmtooltip\", \"format\":\"html\"}]' tabindex=\"0\" role=\"link\">HTML<\/a> Webseiten. Au&szlig;erdem stehen Integrationen mit einer gro&szlig;en Vielfalt an Marketing-Schnittstellen wie KlickTipp, EverWebinar, Webinarjam, ActiveCampaign und vielen weiteren bereit. So kannst Du Dich voll und ganz auf Die Entwicklung hochwertiger Chatbots f&uuml;r Deinen Erfolg im E-Business konzentrieren!<\/p>\n<h3>ConvertViral<\/h3>\n<p>Mit ConvertViral steigerst Du die Sichtbarkeit Deiner Posts, Beitr&auml;ge und Produkte &ndash; f&uuml;r mehr Likes und Follower auf Social Media, sowie mehr Leads f&uuml;r Newsletter, Online-Seminare und viel mehr! ConvertViral erm&ouml;glicht Dir so, Dein List-Building voranzutreiben und schlie&szlig;lich Dein E-Business auf das n&auml;chste Level zu bringen! Teure Werbekampagnen &ndash; beispielsweise &uuml;ber Facebook &ndash; geh&ouml;ren f&uuml;r Dich somit der Vergangenheit an!<\/p>\n\n<p>Kunden konnten Ihre Reichweite mit ConvertViral bereits in k&uuml;rzester Zeit um bis zu 500% steigern. Mit der h&ouml;chst effektiven, organischen Verbreitung von Content steigerst Du schlie&szlig;lich auch Deine Leads und nat&uuml;rlich Deinen Umsatz!<\/p>\n\n<p>Bei der Erstellung von Kampagnen kannst Du zwischen vielen verschiedenen Aktionen und Werkzeugen w&auml;hlen: Du hast so beispielsweise die M&ouml;glichkeit Gewinnspiele durchzuf&uuml;hren und Deine Besucher f&uuml;r verschiedene Handlungen, wie dem Abonnieren eines YouTube Kanals zu belohnen. Ein besonders m&auml;chtiges Feature, das Werben von Freunden, stellt ebenfalls einen hervorragenden Weg dar, Deine Beitr&auml;ge vollautomatisch viral gehen zu lassen!<\/p>\n\n<p>&Auml;hnlich wie ConvertChat profitiert auch ConvertViral von einer hohen Kompatibilit&auml;t zu Webseiten und verschiedenen Marketing-Tools.<\/p>\n<h3>ConvertApp<\/h3>\n<p>Durch die kontinuierlich steigende Verbreitung mobiler Endger&auml;te, wie beispielsweise Smartphones und Tablets, gewinnt auch das mobile Marketing immer weiter an Relevanz. Etwa 90% der Internetnutzer surfen bereits Mobile, daher ist es umso wichtiger sich auch f&uuml;r diese Zielgruppe besonders zu positionieren.<\/p>\n\n<p>Mit ConvertApp ist es nun erstmals m&ouml;glich, innerhalb von nur 5 Minuten eine App aus Deinem Webangebot zu erstellen und diese direkt im App Store hochzuladen! Die M&ouml;glichkeiten bei der Verwendung einer App in Deinem E-Business sind fast grenzenlos: Zum Beispiel k&ouml;nnen Deine Kunden per App in Deinem Online-Shop bestellen oder Du erm&ouml;glichst Deinen Coachingkunden den Konsum Deiner Coachings direkt &uuml;ber die App!<\/p>\n\n<p>Schlie&szlig;lich erm&ouml;glicht dir ConvertApp den Einstieg in eine bislang noch weitestgehend unbekannte Art des Online-Marketing &ndash; sogenannte App-Ads. App-Ads erm&ouml;glichen es Dir, gezielt Werbung auf Apps aus dem App Store zu schalten. Dieser neue Weg bietet Dir ein wahnsinnig hohes Potenzial f&uuml;r den Aufstieg, denn hier gibt es bisher <strong>keine Konkurrenz!<\/strong><\/p>\n<h3>ConvertTab<\/h3>\n<p>Mit ConvertTab holst Du bis zu 39% mehr Gewinn aus verloren gelaubten Besuchern Deiner Webseite heraus! Dir stehen dazu mehrere geniale Funktionen und Features bereit: So kannst Du mit ConvertTab den Tab Titel bearbeiten und eine Folge von Titeln nacheinander anzeigen lassen! Mit dem Favicon Feature kannst Du au&szlig;erdem eine rote 1 bei Deinem Favicon einblenden, um den Eingang einer neuen Nachricht zu simulieren.<\/p>\n\n<p>Etwa 80% der Besucher Deiner Webseite springen ab und verlassen Deine Webseite. Ein weiteres revolution&auml;res Feature, das Bounce Tool, erm&ouml;glicht es Dir, diese aus diesen 80% noch viel mehr Umsatz herauszuholen!<\/p>\n\n<p>Mit den Tab Statistiken hast du Deinen Erfolg schlie&szlig;lich immer im Blick. Verfolge genau, wie viele Menschen wieder zur&uuml;ck auf Deine Seite gefunden haben!<\/p>\n<h3>ConvertVideo<\/h3>\n<p>ConvertVideo erm&ouml;glicht Dir, ohne technische Vorkenntnisse und in unter 3 Minuten, Deine Videos auff&auml;lliger zu gestalten. Du kannst so Deine Interaktionen um bis zu 300% steigern und viel mehr Menschen erreichen!<\/p>\n\n<p>Falls Du Werbeanzeigen schaltest, erreichst Du mit ConvertVideo au&szlig;erdem vielfach h&ouml;here Durchklickraten. Der Klickpreis ist f&uuml;r Dich somit viel g&uuml;nstiger!<\/p>\n<h3>ConvertLink<\/h3>\n<p>Mit ConvertLink, dem intelligentesten Link-K&uuml;rzer im Online-Marketing, steigerst Du Deine Reichweite und Deinen Gewinn um bis zu 237%!<\/p>\n\n<p>Neben dem Link-K&uuml;rzer stellt ConvertLink auch noch einige weitere Tools bereit, die unz&auml;hlige Probleme im Online-Marketing l&ouml;sen! Mit Pixeln hast Du beispielsweise die M&ouml;glichkeit, fremde Webseiten zu tracken und so Zielgruppen f&uuml;r Facebook und Google aufzubauen. &Auml;hnlich wie bei ConvertTab gibt es auch hier ein Bounce Tool, welches das Maximum aus Deinen Besuchern holt!<\/p>\n\n<p>Ein detailliertes Tracking aller Deiner Links und Domains liefert Dir au&szlig;erdem einen genauen Einblick in alle Statistiken, die f&uuml;r dein Online-Marketing relevant sind. Mit Splittests bzw. A\/B Tests kannst Du zudem die Performance Deiner Seiten testen und Deinen Umsatz enorm steigern!<\/p>\n\n<p>Schlie&szlig;lich pr&uuml;ft ConvertLink mit dem sogenannten Broken Link Checker regelm&auml;&szlig;ig Deine Links. Ist ein Link defekt, so kannst Du selbst festlegen, wo der Nutzer hingeleitet werden soll. ConvertLink leitet den Link automatisch wieder zur&uuml;ck auf die korrekte Seite, sobald diese wieder erreichbar ist!<\/p>\n<h3>ConvertBanner<\/h3>\n<p>ConvertBanner bietet Dir die M&ouml;glichkeit, verknappungs Banner f&uuml;r Deine Webseite zu erstellen, mit denen Du die Aufmerksamkeit Deiner Besucher gezielt auf bestimmte Angebote und viel mehr ziehen kannst!<\/p>\n\n<p>Mit ConvertBanner steigerst Du so nicht nur Leads und Conversions, sondern auch Verk&auml;ufe und schlie&szlig;lich Deinen Umsatz!<\/p>\n<h2><strong><span>Du hast&nbsp;<\/span>Fragen<span>&nbsp;zu den ConvertTools?<\/span><\/strong><\/h2>\n<p>Faq<\/p>\n<p><span><\/span><\/p>\n<h4 style=\"\" data-tcb_hover_state_parent=\"\">Wo erhalte ich meine Zugangsdaten?<\/h4>\n<p>Du erh&auml;ltst Deine Zugangsdaten sofort nach Deiner Bestellung bequem per E-Mail zugesendet und kannst direkt starten.<\/p>\n<p><span><\/span><\/p>\n<h4 style=\"\">Ben&ouml;tige ich spezielle technische Voraussetzungen?<\/h4>\n<p>Das einzige, was Du f&uuml;r Deinen Start ben&ouml;tigst, ist ein normaler Computer, Laptop, Smartphone oder Tablet mit einer Internetverbindung und Du kannst direkt loslegen.<\/p>\n<p><span><\/span><\/p>\n<h4 style=\"\">Sind meine Daten sicher?<\/h4>\n<p>Deine Daten behandeln wir jederzeit vertraulich und diskret. Alle Daten werden bei uns verschl&uuml;sselt und auf sicheren Servern gespeichert. Es gilt die EU-Datenschutz Grundverordnung.<\/p>\n<p><span><\/span><\/p>\n<h4 style=\"\">Wie lange gilt mein Zugang?<\/h4>\n<p>Dein Zugang zu jeglicher Software von ConvertTools ist solange g&uuml;ltig bis Du nicht mehr m&ouml;chtest. Eine Mail und wir stornieren Deinen Zugang.<\/p>\n<p><span><\/span><\/p>\n<h4 style=\"\">Wie melde ich mich an?<\/h4>\n<p>Du erh&auml;ltst Deine Zugangsdaten direkt nach dem Kauf und kannst Dich dann jederzeit auf app.converttools.io anmelden.<\/p>\n<p><span><\/span><\/p>\n<h4 style=\"\">Kann ich die Software steuerlich absetzen?<\/h4>\n<p>Ja nat&uuml;rlich!<\/p>\n<p>Die ConvertTools Software ist zu 100% SOFORT steuerlich absetzbar. Du bekommst eine gesetzlich korrekte Rechnung mit ausgewiesener UST, die Du ebenfalls geltend machen kannst!<\/p>\n<p><span><\/span><\/p>\n<h4 style=\"\">Ben&ouml;tige ich Vorkenntnisse um zu starten?<\/h4>\n<p>Nein&hellip; Bei der Nutzung der ConvertTools Software ist es v&ouml;llig egal ob Du ein absoluter Anf&auml;nger bist oder auch noch nie etwas von Online Marketing geh&ouml;rt hast. Auch, wenn Du bereits Erfahrung auf diesem Gebiet hast.<\/p>\n<p><span><\/span><\/p>\n<h4 style=\"\">Noch weitere Fragen?<\/h4>\n<p>Falls Du noch weitere Fragen zur Software hast, schreibe einfach eine Email an <span data-attr-id=\"5\" data-extra_key=\"1\" data-option-inline=\"1\" data-shortcode=\"thrive_global_fields\" data-shortcode-name=\"[Company] Email address\">info@drhellberg.de<\/span><\/p>\n\n<h2 style=\"text-align: center;\"><strong>Starte durch &ndash; mit ConvertChat!<\/strong><\/h2>\n<p style=\"text-align: center;\"><span style=\"font-weight: 400; font-family: Rubik;\">Sichere Dir jetzt die neueste Software von ConvertTools und erziele mehr Leads, Conversions und Ums&auml;tze als je zuvor!<\/span><\/p>\n<p style=\"text-align: center;\">Copyright 2026 &ndash; <span data-attr-id=\"1\" data-extra_key=\"1\" data-option-inline=\"1\" data-shortcode=\"thrive_global_fields\" data-shortcode-name=\"[Company] Name\">Prof. Hellberg EDV-Beratung<\/span> &ndash;&nbsp;<span data-shortcode=\"thrive_global_fields\" data-shortcode-name=\"[Legal] Disclaimer\" data-extra_key=\"2\" data-attr-id=\"7\" data-option-inline=\"1\" data-attr-static-link='{\"className\":\"\",\"data-css\":\"tve-u-170a087dcd7\",\"href\":\"https:\/\/profi-tutorials.de\/impressum\/\",\"target\":\"_blank\",\"class\":\"\"}'><a href=\"https:\/\/profi-tutorials.de\/impressum\/\" target=\"_blank\">Impressum<\/a><\/span><\/p>\n","protected":false},"excerpt":{"rendered":"<p>ConvertTools &#8211; Die smarten Online Marketing Tools Hochwertige Software-L\u00f6sungen die Dein Unternehmen auf das n\u00e4chste Level bringen! \u00dcber ConvertTools Was ist ConvertTools? ConvertTools von Sven Hansen und Tommy Seewald ist DAS Unternehmen f\u00fcr Software-L\u00f6sungen im Bereich Online-Marketing! Produkte Die besten Tools f\u00fcr Dein Online-Marketing Neben ihrer ersten bekannten Software,&nbsp;ConvertLink, haben die Gr\u00fcnder Sven Hansen und [&hellip;]<\/p>\n","protected":false},"author":2,"featured_media":0,"parent":0,"menu_order":0,"comment_status":"closed","ping_status":"closed","template":"","meta":{"_seopress_robots_primary_cat":"","_seopress_titles_title":"ConvertTools %%sep%% %%sitetitle%%","_seopress_titles_desc":"ConvertTools - DIE SMARTEN Online Marketing Tools! ConvertViral, ConvertChat, ConvertApp, ConvertLink, ConvertVideo, ConvertTab von Sven Hansen &amp; Tommy Seewald","_seopress_robots_index":"","footnotes":""},"class_list":["post-548","page","type-page","status-publish","hentry"],"_links":{"self":[{"href":"https:\/\/profi-tutorials.de\/e-business\/wp-json\/wp\/v2\/pages\/548","targetHints":{"allow":["GET"]}}],"collection":[{"href":"https:\/\/profi-tutorials.de\/e-business\/wp-json\/wp\/v2\/pages"}],"about":[{"href":"https:\/\/profi-tutorials.de\/e-business\/wp-json\/wp\/v2\/types\/page"}],"author":[{"embeddable":true,"href":"https:\/\/profi-tutorials.de\/e-business\/wp-json\/wp\/v2\/users\/2"}],"replies":[{"embeddable":true,"href":"https:\/\/profi-tutorials.de\/e-business\/wp-json\/wp\/v2\/comments?post=548"}],"version-history":[{"count":118,"href":"https:\/\/profi-tutorials.de\/e-business\/wp-json\/wp\/v2\/pages\/548\/revisions"}],"predecessor-version":[{"id":4150,"href":"https:\/\/profi-tutorials.de\/e-business\/wp-json\/wp\/v2\/pages\/548\/revisions\/4150"}],"wp:attachment":[{"href":"https:\/\/profi-tutorials.de\/e-business\/wp-json\/wp\/v2\/media?parent=548"}],"curies":[{"name":"wp","href":"https:\/\/api.w.org\/{rel}","templated":true}]}}